{"id":592,"date":"2023-02-17T15:30:59","date_gmt":"2023-02-17T15:30:59","guid":{"rendered":"https:\/\/heilraum-praxis.de\/?page_id=592"},"modified":"2025-10-08T13:39:14","modified_gmt":"2025-10-08T13:39:14","slug":"kurse-seminare","status":"publish","type":"page","link":"https:\/\/heilraum-praxis.de\/?page_id=592","title":{"rendered":"Kurse + Seminare"},"content":{"rendered":"\t\t<div data-elementor-type=\"wp-page\" data-elementor-id=\"592\" class=\"elementor elementor-592\">\n\t\t\t\t\t\t<section class=\"elementor-section elementor-top-section elementor-element elementor-element-3519fed elementor-section-full_width elementor-section-height-default elementor-section-height-default\" data-id=\"3519fed\" data-element_type=\"section\" data-e-type=\"section\">\n\t\t\t\t\t\t<div class=\"elementor-container elementor-column-gap-default\">\n\t\t\t\t\t<div class=\"elementor-column elementor-col-100 elementor-top-column elementor-element elementor-element-59140ad\" data-id=\"59140ad\" data-element_type=\"column\" data-e-type=\"column\">\n\t\t\t<div class=\"elementor-widget-wrap elementor-element-populated\">\n\t\t\t\t\t\t<div class=\"elementor-element elementor-element-20ceebe elementor-widget__width-inherit elementor-widget elementor-widget-image\" data-id=\"20ceebe\" data-element_type=\"widget\" data-e-type=\"widget\" data-widget_type=\"image.default\">\n\t\t\t\t<div class=\"elementor-widget-container\">\n\t\t\t\t\t\t\t\t\t\t\t\t\t\t\t<img fetchpriority=\"high\" decoding=\"async\" width=\"2000\" height=\"600\" src=\"https:\/\/heilraum-praxis.de\/wp-content\/uploads\/2023\/02\/heilraumpraxis-kurse-7schlaefer-0121-2000x600px.jpg\" class=\"attachment-full size-full wp-image-591\" alt=\"\" srcset=\"https:\/\/heilraum-praxis.de\/wp-content\/uploads\/2023\/02\/heilraumpraxis-kurse-7schlaefer-0121-2000x600px.jpg 2000w, https:\/\/heilraum-praxis.de\/wp-content\/uploads\/2023\/02\/heilraumpraxis-kurse-7schlaefer-0121-2000x600px-300x90.jpg 300w, https:\/\/heilraum-praxis.de\/wp-content\/uploads\/2023\/02\/heilraumpraxis-kurse-7schlaefer-0121-2000x600px-1024x307.jpg 1024w, https:\/\/heilraum-praxis.de\/wp-content\/uploads\/2023\/02\/heilraumpraxis-kurse-7schlaefer-0121-2000x600px-768x230.jpg 768w, https:\/\/heilraum-praxis.de\/wp-content\/uploads\/2023\/02\/heilraumpraxis-kurse-7schlaefer-0121-2000x600px-1536x461.jpg 1536w\" sizes=\"(max-width: 2000px) 100vw, 2000px\" \/>\t\t\t\t\t\t\t\t\t\t\t\t\t\t\t<\/div>\n\t\t\t\t<\/div>\n\t\t\t\t<div class=\"elementor-element elementor-element-af3e2b2 elementor-widget elementor-widget-text-editor\" data-id=\"af3e2b2\" data-element_type=\"widget\" data-e-type=\"widget\" data-widget_type=\"text-editor.default\">\n\t\t\t\t<div class=\"elementor-widget-container\">\n\t\t\t\t\t\t\t\t\t<h1>\u00c4lter werde ich stets,<\/br>\nniemals doch lerne ich aus.<\/h1>\n<h3>Solon<\/h3>\t\t\t\t\t\t\t\t<\/div>\n\t\t\t\t<\/div>\n\t\t\t\t<div class=\"elementor-element elementor-element-337282e9 elementor-widget__width-initial elementor-widget elementor-widget-text-editor\" data-id=\"337282e9\" data-element_type=\"widget\" data-e-type=\"widget\" data-widget_type=\"text-editor.default\">\n\t\t\t\t<div class=\"elementor-widget-container\">\n\t\t\t\t\t\t\t\t\t<h2>Herzliche Einladung zu meinen Kursen und Seminaren!<\/h2><h4>\u00a0<\/h4><h4>Achtsamkeitstraining<\/h4><p><strong>mit der klassischen MBSR &#8211; Methode<br \/>nach Jon Kabat-Zinn<br \/>(MBSR = Mindfulness Based Stress Reduction)<\/strong><br \/>&#8220;Stressbew\u00e4ltigung durch Achtsamkeit&#8221; ist ein ganzheitlicher Ansatz, der hilft, mit belastenden Situationen konstruktiver umzugehen<\/p><p>\u2022 Pers\u00f6nliche Stressmuster verstehen und effektiv \u00e4ndern<br \/>\u2022 Selbstakzeptanz und Selbstf\u00fcrsorge st\u00e4rken<br \/>\u2022 Besser mit Schmerz, Sorgen, schwierigen Gedanken und Gef\u00fchlen umgehen<br \/>\u2022 Das K\u00f6rperbewu\u00dftsein systematisch schulen und das eigene Wohlbefinden t\u00e4glich erweitern<br \/>\u2022 \u00dcberhaupt mehr Zugang zu den eigenen inneren Ressourcen zu bekommen<br \/>\u2022 Selbstvertrauen aufzubauen<\/p><p>In diesem Kurs wird die von Dr. Jon Kabat-Zinn erfolgreich entwickelt und angewandte Methode kurzweilig und nachhaltig vermittelt.<br \/>Jede Lerneinheit befasst sich mit einem anderen interessanten Aspekt der Achtsamkeit, der u.a. \u00fcber K\u00f6rpererfahrungen, Meditations\u00fcbungen, Textinputs und Reflexionsaustausch selber erfahren werden kann.<br \/>Der Kursteilnehmer wird zudem im Kursverlauf schrittweise begleitet, seine ganz pers\u00f6nliche Praxis im Alltag zu finden und verankern.<\/p><p>Achtsamkeit ist nicht nach dem Kurs zu Ende \u2013 sie begleitet mich mein ganzes Leben und macht es tiefer, bunter und bewu\u00dfter!<\/p><p>Aktuelle Kurstermine erfragen in der HEILRAUM PRAXIS<br \/><strong><a href=\"mailto:info@heilraum-praxis.de\" target=\"_blank\" rel=\"noopener\">info@heilraum-praxis.de<\/a><\/strong><\/p><p>\u00a0<\/p><p>\u2022\u00a0 \u2022\u00a0 \u2022\u00a0 \u2022\u00a0 \u2022\u00a0 \u2022\u00a0 \u2022\u00a0<\/p><p>\u00a0<\/p><h3>Was gut tut, bleibt \u2013 <br \/>Achtsamkeit zum Ausprobieren und Mitnehmen<\/h3><p>Schnuppern Sie an einem Nachmittag in all das, was sich mit dem aktuellen Thema \u201eAchtsamkeit\u201c verbinden l\u00e4sst und machen Sie Ihre eigene Erfahrungen. <br \/><br \/>Das Beste: Nehmen Sie das, was Ihnen gutgetan hat und Sie auch nach dem Kurs im Alltag unterst\u00fctzen kann, mit nach Hause, <br \/>\u2022 um schnell runter zu kommen,<br \/>\u2022 um sich in inneren Kontakt zu sich selbst zu bringen<\/p><div><div class=\"default-style\">Samstag, 08.11.2025,<\/div><div class=\"default-style\">15 \u2013 18 Uhr<\/div><div class=\"default-style\">im <strong><a href=\"https:\/\/www.vhs-lai.de\" target=\"_blank\" rel=\"noopener\">VHS Studio Laichingen<\/a><\/strong> Raum 1<\/div><div>Kurs-Nr. 1V30025<\/div><div>\u00a0<\/div><div class=\"default-style\">Anmeldung \u00fcber die <a href=\"https:\/\/www.vhs-lai.de\/programm\/gesundheit\/kurs\/Workshop-Was-gut-tut-bleibt-Achtsamkeit-zum-Ausprobieren-und-Mitnehmen\/1V30025\"><strong>vhs Laichingen<\/strong><\/a><br \/><br \/><\/div><div class=\"default-style\">Kosten: 45,00 Euro<\/div><\/div><p>\u00a0<\/p><p>\u2022\u00a0 \u2022\u00a0 \u2022\u00a0 \u2022\u00a0 \u2022\u00a0 \u2022\u00a0 \u2022\u00a0<\/p><h4>\u00a0<\/h4><h4>Systemische AUFSTELLUNGEN<\/h4><p>meiner pers\u00f6nlichen, famili\u00e4ren oder beruflichen Situation<br \/>f\u00fchren zu mehr Klarheit, mehr Ordnung im inneren und \u00e4u\u00dferen System und lassen mich wieder in Kontakt mit meinen inneren st\u00e4rkenden Anteilen kommen.<\/p><p><strong>&#8220;Es ist mehr in Ordnung als nicht in Ordnung&#8230;&#8221;<\/strong><\/p><p>In einem Prozess von ca. 2 Stunden kann dies mit Hilfe von sogenannten Bodenlegern ohne Hinzuziehung von weiteren Personen sich zeigen und neu ordnen.<br \/>Dabei darf sich in einem begleiteten Prozess die ganz pers\u00f6nliche innere Ordnung langsam heraussch\u00e4len und dann im Alltag weiter wirken.<\/p><p>Anmeldung eines Aufstellungstermins in der HEILRAUM PRAXIS<br \/><strong><a href=\"mailto:info@heilraum-praxis.de\" target=\"_blank\" rel=\"noopener\">info@heilraum-praxis.de<\/a><\/strong><\/p><p>Kosten: 50,\u2013 Euro<\/p><p>\u00a0<\/p><p>\u2022\u00a0 \u2022\u00a0 \u2022\u00a0 \u2022\u00a0 \u2022\u00a0 \u2022\u00a0 \u2022\u00a0<\/p><p>\u00a0<\/p><h4>Auszeit<br \/>f\u00fcr einen oder mehrere Tage<\/h4><p><strong>in der Ruhe und Abgeschiedenheit der Schw\u00e4bischen Alb<\/strong><\/p><p>Leben in \/ mit der Natur und ihren heilenden Kr\u00e4ften<\/p><p>wohltuend &#8211; beruhigend &#8211; erdend<\/p><p>um wieder bei mir, in meiner inneren Mitte anzukommen<\/p><p>und dann gest\u00e4rkt und mit klarerem Blick die F\u00e4den meines Alltags wieder aufzunehmen&#8230;.<\/p><p>Termine ganzj\u00e4hrig nach Anfrage in der Heilraum Praxis<\/p><p>Auszeit alleine m\u00f6glich oder<br \/>mit Begleitung und Anleitung,<\/p><p>Methodik nach individuellen Bed\u00fcrfnissen: Meditation, Achtsames Naturerleben, Textstudium, Kontemplation, Kl\u00e4rung pers\u00f6nlicher Anliegen in Gespr\u00e4chen oder Systemische Arbeit&#8230;<\/p><p>und eben viel AUSZEIT!<\/p><p>Anfrage: <strong><a href=\"mailto:info@heilraum-praxis.de\" target=\"_blank\" rel=\"noopener\">info@heilraum-praxis.de<\/a><\/strong><\/p><p><strong>\u00a0<\/strong><strong>\u00c4nderungen vorbehalten.<\/strong><\/p>\t\t\t\t\t\t\t\t<\/div>\n\t\t\t\t<\/div>\n\t\t\t\t\t<\/div>\n\t\t<\/div>\n\t\t\t\t\t<\/div>\n\t\t<\/section>\n\t\t\t\t<section class=\"elementor-section elementor-top-section elementor-element elementor-element-6e1e7f34 elementor-section-boxed elementor-section-height-default elementor-section-height-default\" data-id=\"6e1e7f34\" data-element_type=\"section\" data-e-type=\"section\">\n\t\t\t\t\t\t<div class=\"elementor-container elementor-column-gap-default\">\n\t\t\t\t\t<div class=\"elementor-column elementor-col-100 elementor-top-column elementor-element elementor-element-2a96790\" data-id=\"2a96790\" data-element_type=\"column\" data-e-type=\"column\">\n\t\t\t<div class=\"elementor-widget-wrap\">\n\t\t\t\t\t\t\t<\/div>\n\t\t<\/div>\n\t\t\t\t\t<\/div>\n\t\t<\/section>\n\t\t\t\t<\/div>\n\t\t","protected":false},"excerpt":{"rendered":"<p>\u00c4lter werde ich stets, niemals doch lerne ich aus. Solon Herzliche Einladung zu meinen Kursen und Seminaren! \u00a0 Achtsamkeitstraining mit der klassischen MBSR &#8211; Methodenach Jon Kabat-Zinn(MBSR = Mindfulness Based&hellip;&nbsp;<a href=\"https:\/\/heilraum-praxis.de\/?page_id=592\" class=\"\" rel=\"bookmark\">Weiterlesen &raquo;<span class=\"screen-reader-text\">Kurse + Seminare<\/span><\/a><\/p>\n","protected":false},"author":1,"featured_media":0,"parent":0,"menu_order":0,"comment_status":"closed","ping_status":"open","template":"","meta":{"ngg_post_thumbnail":0,"footnotes":""},"class_list":["post-592","page","type-page","status-publish","hentry"],"_links":{"self":[{"href":"https:\/\/heilraum-praxis.de\/index.php?rest_route=\/wp\/v2\/pages\/592","targetHints":{"allow":["GET"]}}],"collection":[{"href":"https:\/\/heilraum-praxis.de\/index.php?rest_route=\/wp\/v2\/pages"}],"about":[{"href":"https:\/\/heilraum-praxis.de\/index.php?rest_route=\/wp\/v2\/types\/page"}],"author":[{"embeddable":true,"href":"https:\/\/heilraum-praxis.de\/index.php?rest_route=\/wp\/v2\/users\/1"}],"replies":[{"embeddable":true,"href":"https:\/\/heilraum-praxis.de\/index.php?rest_route=%2Fwp%2Fv2%2Fcomments&post=592"}],"version-history":[{"count":122,"href":"https:\/\/heilraum-praxis.de\/index.php?rest_route=\/wp\/v2\/pages\/592\/revisions"}],"predecessor-version":[{"id":808,"href":"https:\/\/heilraum-praxis.de\/index.php?rest_route=\/wp\/v2\/pages\/592\/revisions\/808"}],"wp:attachment":[{"href":"https:\/\/heilraum-praxis.de\/index.php?rest_route=%2Fwp%2Fv2%2Fmedia&parent=592"}],"curies":[{"name":"wp","href":"https:\/\/api.w.org\/{rel}","templated":true}]}}