{"id":478,"date":"2020-10-01T14:28:26","date_gmt":"2020-10-01T14:28:26","guid":{"rendered":"https:\/\/heilraum-praxis.de\/test\/?page_id=478"},"modified":"2020-10-09T15:24:35","modified_gmt":"2020-10-09T15:24:35","slug":"anfahrt","status":"publish","type":"page","link":"https:\/\/heilraum-praxis.de\/?page_id=478","title":{"rendered":"Anfahrt"},"content":{"rendered":"\t\t<div data-elementor-type=\"wp-page\" data-elementor-id=\"478\" class=\"elementor elementor-478\">\n\t\t\t\t\t\t<section class=\"elementor-section elementor-top-section elementor-element elementor-element-3519fed elementor-section-full_width elementor-section-height-default elementor-section-height-default\" data-id=\"3519fed\" data-element_type=\"section\" data-e-type=\"section\">\n\t\t\t\t\t\t<div class=\"elementor-container elementor-column-gap-default\">\n\t\t\t\t\t<div class=\"elementor-column elementor-col-100 elementor-top-column elementor-element elementor-element-59140ad\" data-id=\"59140ad\" data-element_type=\"column\" data-e-type=\"column\">\n\t\t\t<div class=\"elementor-widget-wrap elementor-element-populated\">\n\t\t\t\t\t\t<div class=\"elementor-element elementor-element-337282e9 elementor-widget__width-initial elementor-widget elementor-widget-text-editor\" data-id=\"337282e9\" data-element_type=\"widget\" data-e-type=\"widget\" data-widget_type=\"text-editor.default\">\n\t\t\t\t<div class=\"elementor-widget-container\">\n\t\t\t\t\t\t\t\t\t<h2>So finden Sie zur HEILRAUMPRAXIS<\/h2><p>Christine Knauer-Dickhoff <br \/>Dipl.-Sozialp\u00e4dagogin (FH)<br \/>Breitensteinstra\u00dfe 15\/1<br \/>72587 R\u00f6merstein-B\u00f6hringen<br \/><a href=\"mailto:info@heilraum-praxis.de\" target=\"_blank\" rel=\"noopener\"><b>info@heilraum-praxis.de<\/b><\/a><br \/>Tel. 07382 \/ 94 13 13<\/p><p><strong>Per PKW:<\/strong> Von der A8-Abfahrt Merklingen folgen Sie der Beschilderung Richtung Bad Urach. Wenn Sie an Laichingen vorbeigefahren sind, kommt als n\u00e4chste Abfahrt nach links die Ausfahrt nach Bad Urach auf die B 28, die Sie Richtung Bad Urach einschlagen. Sie fahren dann durch Feldstetten, kommen an Zainingen vorbei und nehmen nach wenigen Kilometern die zweite Abfahrt rechts nach B\u00f6hringen. Sie befinden sich dann auf der Albstra\u00dfe, bis links ein Hinweisschild nach Strohweiler kommt und Sie in die Strohweiler Strasse einbiegen. Von dort biegen Sie an der Kreuzung links in die Teckstra\u00dfe ein, die zur Breitensteinstra\u00dfe f\u00fchrt\u00a0(ca. 20 Minuten ab A8-Ausfahrt Merklingen).\u00a0<\/p><p><strong>Mit \u00f6ffentlichen Verkehrsmitteln:<\/strong> Von Bad Urach aus fahren Busse\/Anruf-Sammeltaxis nach R\u00f6merstein-B\u00f6hringen (Genaueres siehe Fahrplanauskunft der Deutschen Bahn, <strong><a href=\"https:\/\/reiseauskunft.bahn.de\">bahn.de<\/a><\/strong>). Von der Haltestelle Zollernstra\u00dfe sind es ca. 8 Minuten Fu\u00dfweg zur HEILRAUMPRAXIS.\u00a0<\/p><p>\u00a0<\/p>\t\t\t\t\t\t\t\t<\/div>\n\t\t\t\t<\/div>\n\t\t\t\t\t<\/div>\n\t\t<\/div>\n\t\t\t\t\t<\/div>\n\t\t<\/section>\n\t\t\t\t<section class=\"elementor-section elementor-top-section elementor-element elementor-element-6e1e7f34 elementor-section-full_width elementor-section-height-default elementor-section-height-default\" data-id=\"6e1e7f34\" data-element_type=\"section\" data-e-type=\"section\">\n\t\t\t\t\t\t<div class=\"elementor-container elementor-column-gap-default\">\n\t\t\t\t\t<div class=\"elementor-column elementor-col-100 elementor-top-column elementor-element elementor-element-2a96790\" data-id=\"2a96790\" data-element_type=\"column\" data-e-type=\"column\">\n\t\t\t<div class=\"elementor-widget-wrap elementor-element-populated\">\n\t\t\t\t\t\t<div class=\"elementor-element elementor-element-6fa2c7a elementor-widget elementor-widget-image\" data-id=\"6fa2c7a\" data-element_type=\"widget\" data-e-type=\"widget\" data-widget_type=\"image.default\">\n\t\t\t\t<div class=\"elementor-widget-container\">\n\t\t\t\t\t\t\t\t\t\t\t\t\t\t\t\t<a href=\"https:\/\/heilraum-praxis.de\/wp-content\/uploads\/2020\/10\/Heilraumpraxis_Anfahrt_Autobahn.jpg\" data-elementor-open-lightbox=\"yes\" data-elementor-lightbox-title=\"Heilraumpraxis_Anfahrt_Autobahn\" data-elementor-lightbox-description=\"Heilraumpraxis Christine Knauer-Dickhoff\" data-e-action-hash=\"#elementor-action%3Aaction%3Dlightbox%26settings%3DeyJpZCI6NDkxLCJ1cmwiOiJodHRwczpcL1wvaGVpbHJhdW0tcHJheGlzLmRlXC93cC1jb250ZW50XC91cGxvYWRzXC8yMDIwXC8xMFwvSGVpbHJhdW1wcmF4aXNfQW5mYWhydF9BdXRvYmFobi5qcGcifQ%3D%3D\">\n\t\t\t\t\t\t\t<img fetchpriority=\"high\" decoding=\"async\" width=\"709\" height=\"709\" src=\"https:\/\/heilraum-praxis.de\/wp-content\/uploads\/2020\/10\/Heilraumpraxis_Anfahrt_Autobahn.jpg\" class=\"attachment-medium_large size-medium_large wp-image-491\" alt=\"\" srcset=\"https:\/\/heilraum-praxis.de\/wp-content\/uploads\/2020\/10\/Heilraumpraxis_Anfahrt_Autobahn.jpg 709w, https:\/\/heilraum-praxis.de\/wp-content\/uploads\/2020\/10\/Heilraumpraxis_Anfahrt_Autobahn-300x300.jpg 300w, https:\/\/heilraum-praxis.de\/wp-content\/uploads\/2020\/10\/Heilraumpraxis_Anfahrt_Autobahn-150x150.jpg 150w\" sizes=\"(max-width: 709px) 100vw, 709px\" \/>\t\t\t\t\t\t\t\t<\/a>\n\t\t\t\t\t\t\t\t\t\t\t\t\t\t\t<\/div>\n\t\t\t\t<\/div>\n\t\t\t\t\t<\/div>\n\t\t<\/div>\n\t\t\t\t<div class=\"elementor-column elementor-col-100 elementor-top-column elementor-element elementor-element-5158843\" data-id=\"5158843\" data-element_type=\"column\" data-e-type=\"column\">\n\t\t\t<div class=\"elementor-widget-wrap elementor-element-populated\">\n\t\t\t\t\t\t<div class=\"elementor-element elementor-element-9e1c051 elementor-widget elementor-widget-image\" data-id=\"9e1c051\" data-element_type=\"widget\" data-e-type=\"widget\" data-widget_type=\"image.default\">\n\t\t\t\t<div class=\"elementor-widget-container\">\n\t\t\t\t\t\t\t\t\t\t\t\t\t\t\t\t<a href=\"https:\/\/heilraum-praxis.de\/wp-content\/uploads\/2020\/10\/Heilraumpraxis_Anfahrt_innerorts-2.jpg\" data-elementor-open-lightbox=\"yes\" data-elementor-lightbox-title=\"Heilraumpraxis_Anfahrt_innerorts-2\" data-elementor-lightbox-description=\"Heilraumpraxis Christine Knauer-Dickhoff\" data-e-action-hash=\"#elementor-action%3Aaction%3Dlightbox%26settings%3DeyJpZCI6NTA5LCJ1cmwiOiJodHRwczpcL1wvaGVpbHJhdW0tcHJheGlzLmRlXC93cC1jb250ZW50XC91cGxvYWRzXC8yMDIwXC8xMFwvSGVpbHJhdW1wcmF4aXNfQW5mYWhydF9pbm5lcm9ydHMtMi5qcGcifQ%3D%3D\">\n\t\t\t\t\t\t\t<img decoding=\"async\" width=\"709\" height=\"709\" src=\"https:\/\/heilraum-praxis.de\/wp-content\/uploads\/2020\/10\/Heilraumpraxis_Anfahrt_innerorts-2.jpg\" class=\"attachment-medium_large size-medium_large wp-image-509\" alt=\"\" srcset=\"https:\/\/heilraum-praxis.de\/wp-content\/uploads\/2020\/10\/Heilraumpraxis_Anfahrt_innerorts-2.jpg 709w, https:\/\/heilraum-praxis.de\/wp-content\/uploads\/2020\/10\/Heilraumpraxis_Anfahrt_innerorts-2-300x300.jpg 300w, https:\/\/heilraum-praxis.de\/wp-content\/uploads\/2020\/10\/Heilraumpraxis_Anfahrt_innerorts-2-150x150.jpg 150w\" sizes=\"(max-width: 709px) 100vw, 709px\" \/>\t\t\t\t\t\t\t\t<\/a>\n\t\t\t\t\t\t\t\t\t\t\t\t\t\t\t<\/div>\n\t\t\t\t<\/div>\n\t\t\t\t\t<\/div>\n\t\t<\/div>\n\t\t\t\t\t<\/div>\n\t\t<\/section>\n\t\t\t\t<section class=\"elementor-section elementor-top-section elementor-element elementor-element-dbc6af8 elementor-section-full_width elementor-section-height-default elementor-section-height-default\" data-id=\"dbc6af8\" data-element_type=\"section\" data-e-type=\"section\">\n\t\t\t\t\t\t<div class=\"elementor-container elementor-column-gap-default\">\n\t\t\t\t\t\t<\/div>\n\t\t<\/section>\n\t\t\t\t<\/div>\n\t\t","protected":false},"excerpt":{"rendered":"<p>So finden Sie zur HEILRAUMPRAXIS Christine Knauer-Dickhoff Dipl.-Sozialp\u00e4dagogin (FH)Breitensteinstra\u00dfe 15\/172587 R\u00f6merstein-B\u00f6hringeninfo@heilraum-praxis.deTel. 07382 \/ 94 13 13 Per PKW: Von der A8-Abfahrt Merklingen folgen Sie der Beschilderung Richtung Bad Urach. Wenn&hellip;&nbsp;<a href=\"https:\/\/heilraum-praxis.de\/?page_id=478\" class=\"\" rel=\"bookmark\">Weiterlesen &raquo;<span class=\"screen-reader-text\">Anfahrt<\/span><\/a><\/p>\n","protected":false},"author":1,"featured_media":0,"parent":0,"menu_order":0,"comment_status":"closed","ping_status":"open","template":"","meta":{"ngg_post_thumbnail":0,"footnotes":""},"class_list":["post-478","page","type-page","status-publish","hentry"],"_links":{"self":[{"href":"https:\/\/heilraum-praxis.de\/index.php?rest_route=\/wp\/v2\/pages\/478","targetHints":{"allow":["GET"]}}],"collection":[{"href":"https:\/\/heilraum-praxis.de\/index.php?rest_route=\/wp\/v2\/pages"}],"about":[{"href":"https:\/\/heilraum-praxis.de\/index.php?rest_route=\/wp\/v2\/types\/page"}],"author":[{"embeddable":true,"href":"https:\/\/heilraum-praxis.de\/index.php?rest_route=\/wp\/v2\/users\/1"}],"replies":[{"embeddable":true,"href":"https:\/\/heilraum-praxis.de\/index.php?rest_route=%2Fwp%2Fv2%2Fcomments&post=478"}],"version-history":[{"count":13,"href":"https:\/\/heilraum-praxis.de\/index.php?rest_route=\/wp\/v2\/pages\/478\/revisions"}],"predecessor-version":[{"id":551,"href":"https:\/\/heilraum-praxis.de\/index.php?rest_route=\/wp\/v2\/pages\/478\/revisions\/551"}],"wp:attachment":[{"href":"https:\/\/heilraum-praxis.de\/index.php?rest_route=%2Fwp%2Fv2%2Fmedia&parent=478"}],"curies":[{"name":"wp","href":"https:\/\/api.w.org\/{rel}","templated":true}]}}