{"id":4,"date":"2020-08-19T15:53:22","date_gmt":"2020-08-19T15:53:22","guid":{"rendered":"http:\/\/heilraum-praxis.de\/willkommen-auf-http-heilraum-praxis-de"},"modified":"2025-02-07T15:21:59","modified_gmt":"2025-02-07T15:21:59","slug":"willkommen-auf-http-heilraum-praxis-de","status":"publish","type":"page","link":"https:\/\/heilraum-praxis.de\/","title":{"rendered":"Der Weg &#8230;"},"content":{"rendered":"\t\t<div data-elementor-type=\"wp-page\" data-elementor-id=\"4\" class=\"elementor elementor-4\">\n\t\t\t\t\t\t<section class=\"elementor-section elementor-top-section elementor-element elementor-element-3519fed elementor-section-full_width elementor-section-height-default elementor-section-height-default\" data-id=\"3519fed\" data-element_type=\"section\" data-e-type=\"section\">\n\t\t\t\t\t\t<div class=\"elementor-container elementor-column-gap-default\">\n\t\t\t\t\t<div class=\"elementor-column elementor-col-100 elementor-top-column elementor-element elementor-element-59140ad\" data-id=\"59140ad\" data-element_type=\"column\" data-e-type=\"column\">\n\t\t\t<div class=\"elementor-widget-wrap elementor-element-populated\">\n\t\t\t\t\t\t<div class=\"elementor-element elementor-element-20ceebe elementor-widget__width-inherit elementor-widget elementor-widget-image\" data-id=\"20ceebe\" data-element_type=\"widget\" data-e-type=\"widget\" data-widget_type=\"image.default\">\n\t\t\t\t<div class=\"elementor-widget-container\">\n\t\t\t\t\t\t\t\t\t\t\t\t\t\t\t<img fetchpriority=\"high\" decoding=\"async\" width=\"2000\" height=\"600\" src=\"https:\/\/heilraum-praxis.de\/wp-content\/uploads\/2023\/02\/Heilraum-startseite-alb-0273-2000x600px.jpg\" class=\"attachment-full size-full wp-image-581\" alt=\"\" srcset=\"https:\/\/heilraum-praxis.de\/wp-content\/uploads\/2023\/02\/Heilraum-startseite-alb-0273-2000x600px.jpg 2000w, https:\/\/heilraum-praxis.de\/wp-content\/uploads\/2023\/02\/Heilraum-startseite-alb-0273-2000x600px-300x90.jpg 300w, https:\/\/heilraum-praxis.de\/wp-content\/uploads\/2023\/02\/Heilraum-startseite-alb-0273-2000x600px-1024x307.jpg 1024w, https:\/\/heilraum-praxis.de\/wp-content\/uploads\/2023\/02\/Heilraum-startseite-alb-0273-2000x600px-768x230.jpg 768w, https:\/\/heilraum-praxis.de\/wp-content\/uploads\/2023\/02\/Heilraum-startseite-alb-0273-2000x600px-1536x461.jpg 1536w\" sizes=\"(max-width: 2000px) 100vw, 2000px\" \/>\t\t\t\t\t\t\t\t\t\t\t\t\t\t\t<\/div>\n\t\t\t\t<\/div>\n\t\t\t\t<div class=\"elementor-element elementor-element-97dad02 elementor-widget__width-inherit animated-slow elementor-invisible elementor-widget elementor-widget-image\" data-id=\"97dad02\" data-element_type=\"widget\" data-e-type=\"widget\" data-settings=\"{&quot;_animation&quot;:&quot;fadeIn&quot;}\" data-widget_type=\"image.default\">\n\t\t\t\t<div class=\"elementor-widget-container\">\n\t\t\t\t\t\t\t\t\t\t\t\t\t\t\t<img decoding=\"async\" width=\"660\" height=\"288\" src=\"https:\/\/heilraum-praxis.de\/wp-content\/uploads\/2020\/08\/Heilraumpraxis-WEISS-web.png\" class=\"attachment-large size-large wp-image-20\" alt=\"\" srcset=\"https:\/\/heilraum-praxis.de\/wp-content\/uploads\/2020\/08\/Heilraumpraxis-WEISS-web.png 660w, https:\/\/heilraum-praxis.de\/wp-content\/uploads\/2020\/08\/Heilraumpraxis-WEISS-web-300x131.png 300w\" sizes=\"(max-width: 660px) 100vw, 660px\" \/>\t\t\t\t\t\t\t\t\t\t\t\t\t\t\t<\/div>\n\t\t\t\t<\/div>\n\t\t\t\t<div class=\"elementor-element elementor-element-af3e2b2 elementor-widget elementor-widget-text-editor\" data-id=\"af3e2b2\" data-element_type=\"widget\" data-e-type=\"widget\" data-widget_type=\"text-editor.default\">\n\t\t\t\t<div class=\"elementor-widget-container\">\n\t\t\t\t\t\t\t\t\t<h1>In Dir sind alle Antworten!<\/h1>\t\t\t\t\t\t\t\t<\/div>\n\t\t\t\t<\/div>\n\t\t\t\t<div class=\"elementor-element elementor-element-337282e9 elementor-widget__width-initial elementor-widget elementor-widget-text-editor\" data-id=\"337282e9\" data-element_type=\"widget\" data-e-type=\"widget\" data-widget_type=\"text-editor.default\">\n\t\t\t\t<div class=\"elementor-widget-container\">\n\t\t\t\t\t\t\t\t\t<h2>Den Weg zu Ihrer inneren Heilquelle <br \/>finden bedeutet &#8230;<\/h2><h4>\u00a0<\/h4><ul><li><h4>Gesundheit auf allen Ebenen f\u00f6rdern<\/h4><\/li><li><h4>aufrichtiges Mitgef\u00fchl mit sich und Anderen erm\u00f6glichen<\/h4><\/li><li><h4>Zusammenh\u00e4nge klar erkennen\u00a0<\/h4><\/li><\/ul><h4>\u00a0<\/h4><p>&#8230; mit ganz konkreten, alltagsfreundlichen Methoden, die Sie auf diesen Seiten kurz erl\u00e4utert finden. Bei Ihrem ersten Termin in der HEILRAUMPRAXIS sollten Sie Zeit f\u00fcr ein ausf\u00fchrliches Gespr\u00e4ch einplanen \u2013 schlie\u00dflich wollen wir uns ein m\u00f6glichst genaues Bild Ihrer Lebenslage verschaffen.<\/p><p>Nach der Situationsanalyse finden wir gemeinsam L\u00f6sungen und Wege zu Ihrer Selbsthilfe. Hierbei stimmen wir individuell f\u00fcr Sie geeignete \u00dcbungen ab. Meist bildet ein kompaktes Achtsamkeitstraining die Basis, erg\u00e4nzt durch Meditations\u00fcbungen und systemische Arbeit. Je konsequenter Sie \u00bbdranbleiben\u00ab, umso nachhaltiger werden Sie die positiven Effekte sp\u00fcren.<\/p><p>Die geistigen Mittel der HEILRAUMPRAXIS k\u00f6nnen tats\u00e4chlich wie eine Wunderpille wirken. Leider gibt es diese Medizin nicht fertig zum Schlucken! Um aus der Mitte und F\u00fclle heraus zu leben, m\u00fcssen Sie selbst aktiv werden. Dabei kann ich Sie liebevoll begleiten \u2013 oft gen\u00fcgen kleine Impulse, um Erstaunliches zu bewirken.<\/p><h4>Ihre <br \/>Christine Knauer-Dickhoff<\/h4>\t\t\t\t\t\t\t\t<\/div>\n\t\t\t\t<\/div>\n\t\t\t\t<div class=\"elementor-element elementor-element-67ee050 elementor-widget elementor-widget-spacer\" data-id=\"67ee050\" data-element_type=\"widget\" data-e-type=\"widget\" data-widget_type=\"spacer.default\">\n\t\t\t\t<div class=\"elementor-widget-container\">\n\t\t\t\t\t\t\t<div class=\"elementor-spacer\">\n\t\t\t<div class=\"elementor-spacer-inner\"><\/div>\n\t\t<\/div>\n\t\t\t\t\t\t<\/div>\n\t\t\t\t<\/div>\n\t\t\t\t<div class=\"elementor-element elementor-element-bec50af elementor-widget__width-initial elementor-widget elementor-widget-text-editor\" data-id=\"bec50af\" data-element_type=\"widget\" data-e-type=\"widget\" data-widget_type=\"text-editor.default\">\n\t\t\t\t<div class=\"elementor-widget-container\">\n\t\t\t\t\t\t\t\t\t<p>Allen Interessierten<br \/>aus der Region<br \/>Schw\u00e4bische Alb<br \/>m\u00f6chte ich gerne mein<\/p><p><a href=\"https:\/\/heilraum-praxis.de\/?page_id=592\"><strong>Kursangebot <\/strong><\/a><br \/><br \/>ans Herz legen.<\/p>\t\t\t\t\t\t\t\t<\/div>\n\t\t\t\t<\/div>\n\t\t\t\t<div class=\"elementor-element elementor-element-b64c396 elementor-alert-warning elementor-invisible elementor-widget elementor-widget-alert\" data-id=\"b64c396\" data-element_type=\"widget\" data-e-type=\"widget\" data-settings=\"{&quot;_animation&quot;:&quot;fadeInLeft&quot;}\" data-widget_type=\"alert.default\">\n\t\t\t\t<div class=\"elementor-widget-container\">\n\t\t\t\t\t\t\t<div class=\"elementor-alert\" role=\"alert\">\n\n\t\t\t\t\t\t<span class=\"elementor-alert-title\">Diese Seite verwendet Cookies.<\/span>\n\t\t\t\n\t\t\t\t\t\t<span class=\"elementor-alert-description\">Mit dem Besuch von HEILRAUM-PRAXIS.DE akzeptieren Sie die Verwendung essenzieller Cookies. Mehr dazu siehe \u00bbDatenschutz\u00ab.<\/span>\n\t\t\t\n\t\t\t\t\t\t<button type=\"button\" class=\"elementor-alert-dismiss\" aria-label=\"Hinweis ausblenden.\">\n\t\t\t\t\t\t\t\t\t<span aria-hidden=\"true\">&times;<\/span>\n\t\t\t\t\t\t\t<\/button>\n\t\t\t\n\t\t<\/div>\n\t\t\t\t\t\t<\/div>\n\t\t\t\t<\/div>\n\t\t\t\t\t<\/div>\n\t\t<\/div>\n\t\t\t\t\t<\/div>\n\t\t<\/section>\n\t\t\t\t<section class=\"elementor-section elementor-top-section elementor-element elementor-element-6e1e7f34 elementor-section-boxed elementor-section-height-default elementor-section-height-default\" data-id=\"6e1e7f34\" data-element_type=\"section\" data-e-type=\"section\">\n\t\t\t\t\t\t<div class=\"elementor-container elementor-column-gap-default\">\n\t\t\t\t\t<div class=\"elementor-column elementor-col-100 elementor-top-column elementor-element elementor-element-2a96790\" data-id=\"2a96790\" data-element_type=\"column\" data-e-type=\"column\">\n\t\t\t<div class=\"elementor-widget-wrap\">\n\t\t\t\t\t\t\t<\/div>\n\t\t<\/div>\n\t\t\t\t\t<\/div>\n\t\t<\/section>\n\t\t\t\t<section class=\"elementor-section elementor-top-section elementor-element elementor-element-7769398 elementor-section-boxed elementor-section-height-default elementor-section-height-default\" data-id=\"7769398\" data-element_type=\"section\" data-e-type=\"section\">\n\t\t\t\t\t\t<div class=\"elementor-container elementor-column-gap-default\">\n\t\t\t\t\t<div class=\"elementor-column elementor-col-100 elementor-top-column elementor-element elementor-element-545f795\" data-id=\"545f795\" data-element_type=\"column\" data-e-type=\"column\">\n\t\t\t<div class=\"elementor-widget-wrap\">\n\t\t\t\t\t\t\t<\/div>\n\t\t<\/div>\n\t\t\t\t\t<\/div>\n\t\t<\/section>\n\t\t\t\t<\/div>\n\t\t","protected":false},"excerpt":{"rendered":"<p>In Dir sind alle Antworten! Den Weg zu Ihrer inneren Heilquelle finden bedeutet &#8230; \u00a0 Gesundheit auf allen Ebenen f\u00f6rdern aufrichtiges Mitgef\u00fchl mit sich und Anderen erm\u00f6glichen Zusammenh\u00e4nge klar erkennen\u00a0&hellip;&nbsp;<a href=\"https:\/\/heilraum-praxis.de\/\" class=\"\" rel=\"bookmark\">Weiterlesen &raquo;<span class=\"screen-reader-text\">Der Weg &#8230;<\/span><\/a><\/p>\n","protected":false},"author":1,"featured_media":0,"parent":0,"menu_order":0,"comment_status":"closed","ping_status":"open","template":"","meta":{"ngg_post_thumbnail":0,"footnotes":""},"class_list":["post-4","page","type-page","status-publish","hentry"],"_links":{"self":[{"href":"https:\/\/heilraum-praxis.de\/index.php?rest_route=\/wp\/v2\/pages\/4","targetHints":{"allow":["GET"]}}],"collection":[{"href":"https:\/\/heilraum-praxis.de\/index.php?rest_route=\/wp\/v2\/pages"}],"about":[{"href":"https:\/\/heilraum-praxis.de\/index.php?rest_route=\/wp\/v2\/types\/page"}],"author":[{"embeddable":true,"href":"https:\/\/heilraum-praxis.de\/index.php?rest_route=\/wp\/v2\/users\/1"}],"replies":[{"embeddable":true,"href":"https:\/\/heilraum-praxis.de\/index.php?rest_route=%2Fwp%2Fv2%2Fcomments&post=4"}],"version-history":[{"count":145,"href":"https:\/\/heilraum-praxis.de\/index.php?rest_route=\/wp\/v2\/pages\/4\/revisions"}],"predecessor-version":[{"id":790,"href":"https:\/\/heilraum-praxis.de\/index.php?rest_route=\/wp\/v2\/pages\/4\/revisions\/790"}],"wp:attachment":[{"href":"https:\/\/heilraum-praxis.de\/index.php?rest_route=%2Fwp%2Fv2%2Fmedia&parent=4"}],"curies":[{"name":"wp","href":"https:\/\/api.w.org\/{rel}","templated":true}]}}