{"id":352,"date":"2020-09-23T14:36:06","date_gmt":"2020-09-23T14:36:06","guid":{"rendered":"https:\/\/heilraum-praxis.de\/test\/?page_id=352"},"modified":"2023-05-17T13:20:38","modified_gmt":"2023-05-17T13:20:38","slug":"ueber-mich","status":"publish","type":"page","link":"https:\/\/heilraum-praxis.de\/?page_id=352","title":{"rendered":"\u00dcber mich"},"content":{"rendered":"\t\t<div data-elementor-type=\"wp-page\" data-elementor-id=\"352\" class=\"elementor elementor-352\">\n\t\t\t\t\t\t<section class=\"elementor-section elementor-top-section elementor-element elementor-element-3519fed elementor-section-full_width elementor-section-height-default elementor-section-height-default\" data-id=\"3519fed\" data-element_type=\"section\" data-e-type=\"section\">\n\t\t\t\t\t\t<div class=\"elementor-container elementor-column-gap-default\">\n\t\t\t\t\t<div class=\"elementor-column elementor-col-100 elementor-top-column elementor-element elementor-element-59140ad\" data-id=\"59140ad\" data-element_type=\"column\" data-e-type=\"column\">\n\t\t\t<div class=\"elementor-widget-wrap elementor-element-populated\">\n\t\t\t\t\t\t<div class=\"elementor-element elementor-element-20ceebe elementor-widget__width-inherit elementor-widget elementor-widget-image\" data-id=\"20ceebe\" data-element_type=\"widget\" data-e-type=\"widget\" data-widget_type=\"image.default\">\n\t\t\t\t<div class=\"elementor-widget-container\">\n\t\t\t\t\t\t\t\t\t\t\t\t\t\t\t<img fetchpriority=\"high\" decoding=\"async\" width=\"2000\" height=\"600\" src=\"https:\/\/heilraum-praxis.de\/wp-content\/uploads\/2020\/09\/heilraum-meditation-lotus-2000x600px-5213.jpg\" class=\"attachment-full size-full wp-image-406\" alt=\"\" srcset=\"https:\/\/heilraum-praxis.de\/wp-content\/uploads\/2020\/09\/heilraum-meditation-lotus-2000x600px-5213.jpg 2000w, https:\/\/heilraum-praxis.de\/wp-content\/uploads\/2020\/09\/heilraum-meditation-lotus-2000x600px-5213-300x90.jpg 300w, https:\/\/heilraum-praxis.de\/wp-content\/uploads\/2020\/09\/heilraum-meditation-lotus-2000x600px-5213-1024x307.jpg 1024w, https:\/\/heilraum-praxis.de\/wp-content\/uploads\/2020\/09\/heilraum-meditation-lotus-2000x600px-5213-768x230.jpg 768w, https:\/\/heilraum-praxis.de\/wp-content\/uploads\/2020\/09\/heilraum-meditation-lotus-2000x600px-5213-1536x461.jpg 1536w\" sizes=\"(max-width: 2000px) 100vw, 2000px\" \/>\t\t\t\t\t\t\t\t\t\t\t\t\t\t\t<\/div>\n\t\t\t\t<\/div>\n\t\t\t\t<div class=\"elementor-element elementor-element-af3e2b2 elementor-widget elementor-widget-text-editor\" data-id=\"af3e2b2\" data-element_type=\"widget\" data-e-type=\"widget\" data-widget_type=\"text-editor.default\">\n\t\t\t\t<div class=\"elementor-widget-container\">\n\t\t\t\t\t\t\t\t\t<h1>Es f\u00e4ngt bei dir an<\/h1><h1>und kann die Welt ver\u00e4ndern.<\/h1><h3>Dalai Lama<\/h3>\t\t\t\t\t\t\t\t<\/div>\n\t\t\t\t<\/div>\n\t\t\t\t<div class=\"elementor-element elementor-element-3a59204 elementor-widget__width-initial elementor-widget elementor-widget-text-editor\" data-id=\"3a59204\" data-element_type=\"widget\" data-e-type=\"widget\" data-widget_type=\"text-editor.default\">\n\t\t\t\t<div class=\"elementor-widget-container\">\n\t\t\t\t\t\t\t\t\t<h2>\u00dcber mich<\/h2><p>Vom Finden der eigenen Mitte, vom dauerhaften Erlangen innerer Stabilit\u00e4t und Ordnung handeln\u00a0zahlreiche psychologische wie philosophische Theorien.\u00a0<\/p><h2><img decoding=\"async\" class=\"alignleft wp-image-659 size-medium\" src=\"https:\/\/heilraum-praxis.de\/wp-content\/uploads\/2023\/05\/2023-04-ChristineKnauerDickhoff-MV-5320-800x800_HP-300x300.jpg\" alt=\"\" width=\"300\" height=\"300\" srcset=\"https:\/\/heilraum-praxis.de\/wp-content\/uploads\/2023\/05\/2023-04-ChristineKnauerDickhoff-MV-5320-800x800_HP-300x300.jpg 300w, https:\/\/heilraum-praxis.de\/wp-content\/uploads\/2023\/05\/2023-04-ChristineKnauerDickhoff-MV-5320-800x800_HP-150x150.jpg 150w, https:\/\/heilraum-praxis.de\/wp-content\/uploads\/2023\/05\/2023-04-ChristineKnauerDickhoff-MV-5320-800x800_HP.jpg 680w\" sizes=\"(max-width: 300px) 100vw, 300px\" \/><\/h2><p>Mit diesen befasse ich mich seit vielen Jahren sehr intensiv. Weitaus wichtiger ist mir das Praktizieren und eigene Erfahren verschiedener Methoden, die langfristig zu geistig-seelischer Geschmeidigkeit verhelfen k\u00f6nnen. Ruhe, Kraft und Klarheit sind der Schl\u00fcssel, um Herausforderungen des Alltags, aber auch Krisenzeiten wesentlich besser zu meistern.<\/p><p>Eingeschlagen habe ich den spirituellen Weg vor rund 40 Jahren, heute bin ich daf\u00fcr dankbar, dass er mich auch in vielen herausfordernden Situationen und Lebenslagen immer wieder zu meiner inneren Kraftquelle zur\u00fcckgef\u00fchrt\u00a0 hat. Aus diesen positiven Erfahrungen resultiert meine tiefe Motivation, dieses im Lauf der Jahre reich gewordene Wissen an alle weiterzugeben, die daf\u00fcr aufgeschlossen sind. Menschen in Balance mit sich und dem Kosmos zu bringen, begreife ich als Friedensarbeit, die beim einzelnen Individuum beginnt und manchmal die Welt ver\u00e4ndert.<\/p><p>Mitgef\u00fchl, Herzens\u00adg\u00fcte und ein Leben in F\u00fclle schlie\u00dfen einander nicht aus, ganz im Gegenteil. Ich begleite Sie gerne ein St\u00fcck auf Ihrem Weg zu einem befreiten, freundlicheren und w\u00e4rmeren Lebensgef\u00fchl.<\/p><h4>Christine Knauer-Dickhoff<\/h4><div>\u00a0<\/div><div>\u00a0<\/div><p><strong>QUALIFIKATIONEN<\/strong><\/p><ul><li>Diplom Sozialp\u00e4dagogin (FH)<\/li><li>MBSR-Trainerin nach Jon Kabat-Zinn am Institut von Dr. Linda Lehrhaupt, Bedburg<\/li><li>Meditationsanleitungen aus verschiedenen Traditionen<\/li><li>Systemberaterin, Systemtherapeutin am Institut von Dr. Hans-Peter Milling, Ludwigsburg<\/li><li>Mitglied im Verband der Achtsamkeitslehrenden \u00b7\u00a0<a href=\"https:\/\/www.mbsr-verband.de\" target=\"_blank\" rel=\"noopener\"><b>mbsr-verband.de<\/b><\/a><\/li><\/ul><p><strong>\u00a0<\/strong><span style=\"color: var( --e-global-color-text ); font-family: var( --e-global-typography-text-font-family );\">\u00a0<\/span><\/p>\t\t\t\t\t\t\t\t<\/div>\n\t\t\t\t<\/div>\n\t\t\t\t\t<\/div>\n\t\t<\/div>\n\t\t\t\t\t<\/div>\n\t\t<\/section>\n\t\t\t\t<section class=\"elementor-section elementor-top-section elementor-element elementor-element-6e1e7f34 elementor-section-boxed elementor-section-height-default elementor-section-height-default\" data-id=\"6e1e7f34\" data-element_type=\"section\" data-e-type=\"section\">\n\t\t\t\t\t\t<div class=\"elementor-container elementor-column-gap-default\">\n\t\t\t\t\t<div class=\"elementor-column elementor-col-100 elementor-top-column elementor-element elementor-element-2a96790\" data-id=\"2a96790\" data-element_type=\"column\" data-e-type=\"column\">\n\t\t\t<div class=\"elementor-widget-wrap\">\n\t\t\t\t\t\t\t<\/div>\n\t\t<\/div>\n\t\t\t\t\t<\/div>\n\t\t<\/section>\n\t\t\t\t<\/div>\n\t\t","protected":false},"excerpt":{"rendered":"<p>Es f\u00e4ngt bei dir an und kann die Welt ver\u00e4ndern. Dalai Lama \u00dcber mich Vom Finden der eigenen Mitte, vom dauerhaften Erlangen innerer Stabilit\u00e4t und Ordnung handeln&nbsp;zahlreiche psychologische wie philosophische&hellip;&nbsp;<a href=\"https:\/\/heilraum-praxis.de\/?page_id=352\" class=\"\" rel=\"bookmark\">Weiterlesen &raquo;<span class=\"screen-reader-text\">\u00dcber mich<\/span><\/a><\/p>\n","protected":false},"author":1,"featured_media":0,"parent":0,"menu_order":0,"comment_status":"closed","ping_status":"open","template":"","meta":{"ngg_post_thumbnail":0,"footnotes":""},"class_list":["post-352","page","type-page","status-publish","hentry"],"_links":{"self":[{"href":"https:\/\/heilraum-praxis.de\/index.php?rest_route=\/wp\/v2\/pages\/352","targetHints":{"allow":["GET"]}}],"collection":[{"href":"https:\/\/heilraum-praxis.de\/index.php?rest_route=\/wp\/v2\/pages"}],"about":[{"href":"https:\/\/heilraum-praxis.de\/index.php?rest_route=\/wp\/v2\/types\/page"}],"author":[{"embeddable":true,"href":"https:\/\/heilraum-praxis.de\/index.php?rest_route=\/wp\/v2\/users\/1"}],"replies":[{"embeddable":true,"href":"https:\/\/heilraum-praxis.de\/index.php?rest_route=%2Fwp%2Fv2%2Fcomments&post=352"}],"version-history":[{"count":43,"href":"https:\/\/heilraum-praxis.de\/index.php?rest_route=\/wp\/v2\/pages\/352\/revisions"}],"predecessor-version":[{"id":674,"href":"https:\/\/heilraum-praxis.de\/index.php?rest_route=\/wp\/v2\/pages\/352\/revisions\/674"}],"wp:attachment":[{"href":"https:\/\/heilraum-praxis.de\/index.php?rest_route=%2Fwp%2Fv2%2Fmedia&parent=352"}],"curies":[{"name":"wp","href":"https:\/\/api.w.org\/{rel}","templated":true}]}}