{"id":302,"date":"2020-08-25T15:15:24","date_gmt":"2020-08-25T15:15:24","guid":{"rendered":"https:\/\/heilraum-praxis.de\/test\/?page_id=302"},"modified":"2020-10-16T11:05:15","modified_gmt":"2020-10-16T11:05:15","slug":"aufstellung","status":"publish","type":"page","link":"https:\/\/heilraum-praxis.de\/?page_id=302","title":{"rendered":"Aufstellung"},"content":{"rendered":"\t\t<div data-elementor-type=\"wp-page\" data-elementor-id=\"302\" class=\"elementor elementor-302\">\n\t\t\t\t\t\t<section class=\"elementor-section elementor-top-section elementor-element elementor-element-3519fed elementor-section-full_width elementor-section-height-default elementor-section-height-default\" data-id=\"3519fed\" data-element_type=\"section\" data-e-type=\"section\">\n\t\t\t\t\t\t<div class=\"elementor-container elementor-column-gap-default\">\n\t\t\t\t\t<div class=\"elementor-column elementor-col-100 elementor-top-column elementor-element elementor-element-59140ad\" data-id=\"59140ad\" data-element_type=\"column\" data-e-type=\"column\">\n\t\t\t<div class=\"elementor-widget-wrap elementor-element-populated\">\n\t\t\t\t\t\t<div class=\"elementor-element elementor-element-20ceebe elementor-widget__width-inherit elementor-widget elementor-widget-image\" data-id=\"20ceebe\" data-element_type=\"widget\" data-e-type=\"widget\" data-widget_type=\"image.default\">\n\t\t\t\t<div class=\"elementor-widget-container\">\n\t\t\t\t\t\t\t\t\t\t\t\t\t\t\t<img fetchpriority=\"high\" decoding=\"async\" width=\"2000\" height=\"600\" src=\"https:\/\/heilraum-praxis.de\/wp-content\/uploads\/2020\/08\/heilraum-aufstellung-2000x600px-9987.jpg\" class=\"attachment-full size-full wp-image-209\" alt=\"\" srcset=\"https:\/\/heilraum-praxis.de\/wp-content\/uploads\/2020\/08\/heilraum-aufstellung-2000x600px-9987.jpg 2000w, https:\/\/heilraum-praxis.de\/wp-content\/uploads\/2020\/08\/heilraum-aufstellung-2000x600px-9987-300x90.jpg 300w, https:\/\/heilraum-praxis.de\/wp-content\/uploads\/2020\/08\/heilraum-aufstellung-2000x600px-9987-1024x307.jpg 1024w, https:\/\/heilraum-praxis.de\/wp-content\/uploads\/2020\/08\/heilraum-aufstellung-2000x600px-9987-768x230.jpg 768w, https:\/\/heilraum-praxis.de\/wp-content\/uploads\/2020\/08\/heilraum-aufstellung-2000x600px-9987-1536x461.jpg 1536w\" sizes=\"(max-width: 2000px) 100vw, 2000px\" \/>\t\t\t\t\t\t\t\t\t\t\t\t\t\t\t<\/div>\n\t\t\t\t<\/div>\n\t\t\t\t<div class=\"elementor-element elementor-element-af3e2b2 elementor-widget elementor-widget-text-editor\" data-id=\"af3e2b2\" data-element_type=\"widget\" data-e-type=\"widget\" data-widget_type=\"text-editor.default\">\n\t\t\t\t<div class=\"elementor-widget-container\">\n\t\t\t\t\t\t\t\t\t<h1>Ohne Wurzeln&nbsp;<\/h1><h1>keine Fl\u00fcgel.<\/h1>\n<h3>Chinesisches Sprichwort<\/h3>\t\t\t\t\t\t\t\t<\/div>\n\t\t\t\t<\/div>\n\t\t\t\t<div class=\"elementor-element elementor-element-337282e9 elementor-widget__width-initial elementor-widget elementor-widget-text-editor\" data-id=\"337282e9\" data-element_type=\"widget\" data-e-type=\"widget\" data-widget_type=\"text-editor.default\">\n\t\t\t\t<div class=\"elementor-widget-container\">\n\t\t\t\t\t\t\t\t\t<h2>Aufstellung \u2013 Systemische Einzelarbeit<\/h2><div>\u00a0<\/div><div><ul><li><h4>Wegweiser im Heilungsprozess<\/h4><\/li><li><h4>Muster erkennen und aufl\u00f6sen<\/h4><\/li><li><h4>Entscheidungshilfe bei vielen Lebensfragen<\/h4><\/li><\/ul><\/div><div>\u00a0<\/div><p>Wir alle leben in Systemen \u2013 Familie, Beruf, eigene Person \u2013 die uns st\u00fctzen, wenn sie stimmig und geordnet sind. Ist der Zugang zu unseren inneren Ressourcen verbaut, k\u00f6nnen sie uns aber auch belasten und ungl\u00fccklich machen, auf bewusster oder unbewusster Ebene. Systemische Arbeit kann den Weg freir\u00e4umen und Ordnung wiederherstellen, damit Sie Ihr Potenzial frei entfalten k\u00f6nnen.\u00a0<\/p><p>Eine Systemaufstellung packt Probleme gewisserma\u00dfen an der Wurzel, indem sie innere Bilder nach au\u00dfen bringt. Durch das Sichtbarmachen pers\u00f6nlicher Anliegen werden \u00bbemotionales Gep\u00e4ck\u00ab und Verstrickungen aufgezeigt, auch wenn Zusammenh\u00e4nge zun\u00e4chst nicht direkt ersichtlich scheinen. In der HEILRAUMPRAXIS arbeiten wir ohne Hinzuziehen fremder Personen, nur mit einfachen Hilfsmitteln wie Figuren und Bodenlegern. Unsere Aufstellungsarbeit liefert Ihnen eine klare Antwort auf die Frage, wo Sie gerade stehen. So k\u00f6nnen Sie Erlebtes unter einem anderen Blickwinkel betrachten, Muster erkennen und unter fachkundiger Anleitung den L\u00f6sungsweg finden, der sich f\u00fcr Sie richtig anf\u00fchlt.<\/p><p>Sehr h\u00e4ufig ist eine Systemaufstellung der erste Schritt, um Beziehungen zu verbessern und\/oder die Weichen f\u00fcr Ihren Lebensweg neu zu stellen. Tieferes Verst\u00e4ndnis f\u00fcr scheinbar unertr\u00e4gliche Situationen kann Ihre Selbstheilungskr\u00e4fte aktivieren, oft hilft Ihnen der Blick aus der \u00bbVogelperspektive\u00ab dabei,\u00a0ungeahnte Energie freizusetzen.\u00a0<\/p><p>Hier finden Sie ein konkretes\u00a0<a href=\"https:\/\/heilraum-praxis.de\/?page_id=447\" target=\"_blank\" rel=\"noopener\"><b>&gt;&gt; Beispiel, wie sehr Aufstellungsarbeit in schwierigen Situationen helfen kann.<\/b><\/a><\/p><p><strong>WICHTIGE HINWEISE<\/strong><br \/>Eine Systemaufstellung in der HEILRAUMPRAXIS dauert einschlie\u00dflich Vorgespr\u00e4ch etwa zwei bis drei Stunden. Voraussetzung ist Ihre Bereitschaft, sich mit Ihrem Leben ernsthaft auseinander\u00adzusetzen. Durch mein Wissen und meine langj\u00e4hrige Erfahrung kann ich Ihnen eine Orientierungshilfe bieten, f\u00fcr die anschlie\u00dfenden Schritte zur Ver\u00e4nderung m\u00fcssen Sie selbst aktiv werden. Keinesfalls kann meine Aufstellungsarbeit eine Psychotherapie oder medizinische Behandlung ersetzen.<br \/>Sehr gerne bin ich f\u00fcr Ihre Fragen da.<\/p>\t\t\t\t\t\t\t\t<\/div>\n\t\t\t\t<\/div>\n\t\t\t\t\t<\/div>\n\t\t<\/div>\n\t\t\t\t\t<\/div>\n\t\t<\/section>\n\t\t\t\t<section class=\"elementor-section elementor-top-section elementor-element elementor-element-6e1e7f34 elementor-section-boxed elementor-section-height-default elementor-section-height-default\" data-id=\"6e1e7f34\" data-element_type=\"section\" data-e-type=\"section\">\n\t\t\t\t\t\t<div class=\"elementor-container elementor-column-gap-default\">\n\t\t\t\t\t<div class=\"elementor-column elementor-col-100 elementor-top-column elementor-element elementor-element-2a96790\" data-id=\"2a96790\" data-element_type=\"column\" data-e-type=\"column\">\n\t\t\t<div class=\"elementor-widget-wrap\">\n\t\t\t\t\t\t\t<\/div>\n\t\t<\/div>\n\t\t\t\t\t<\/div>\n\t\t<\/section>\n\t\t\t\t<\/div>\n\t\t","protected":false},"excerpt":{"rendered":"<p>Ohne Wurzeln&nbsp; keine Fl\u00fcgel. Chinesisches Sprichwort Aufstellung \u2013 Systemische Einzelarbeit \u00a0 Wegweiser im Heilungsprozess Muster erkennen und aufl\u00f6sen Entscheidungshilfe bei vielen Lebensfragen \u00a0 Wir alle leben in Systemen \u2013 Familie,&hellip;&nbsp;<a href=\"https:\/\/heilraum-praxis.de\/?page_id=302\" class=\"\" rel=\"bookmark\">Weiterlesen &raquo;<span class=\"screen-reader-text\">Aufstellung<\/span><\/a><\/p>\n","protected":false},"author":1,"featured_media":0,"parent":0,"menu_order":0,"comment_status":"closed","ping_status":"open","template":"","meta":{"ngg_post_thumbnail":0,"footnotes":""},"class_list":["post-302","page","type-page","status-publish","hentry"],"_links":{"self":[{"href":"https:\/\/heilraum-praxis.de\/index.php?rest_route=\/wp\/v2\/pages\/302","targetHints":{"allow":["GET"]}}],"collection":[{"href":"https:\/\/heilraum-praxis.de\/index.php?rest_route=\/wp\/v2\/pages"}],"about":[{"href":"https:\/\/heilraum-praxis.de\/index.php?rest_route=\/wp\/v2\/types\/page"}],"author":[{"embeddable":true,"href":"https:\/\/heilraum-praxis.de\/index.php?rest_route=\/wp\/v2\/users\/1"}],"replies":[{"embeddable":true,"href":"https:\/\/heilraum-praxis.de\/index.php?rest_route=%2Fwp%2Fv2%2Fcomments&post=302"}],"version-history":[{"count":15,"href":"https:\/\/heilraum-praxis.de\/index.php?rest_route=\/wp\/v2\/pages\/302\/revisions"}],"predecessor-version":[{"id":577,"href":"https:\/\/heilraum-praxis.de\/index.php?rest_route=\/wp\/v2\/pages\/302\/revisions\/577"}],"wp:attachment":[{"href":"https:\/\/heilraum-praxis.de\/index.php?rest_route=%2Fwp%2Fv2%2Fmedia&parent=302"}],"curies":[{"name":"wp","href":"https:\/\/api.w.org\/{rel}","templated":true}]}}